{"id":80,"date":"2022-05-04T14:33:27","date_gmt":"2022-05-04T12:33:27","guid":{"rendered":"http:\/\/localhost\/wordpress\/?page_id=80"},"modified":"2023-02-11T21:08:00","modified_gmt":"2023-02-11T20:08:00","slug":"startseite","status":"publish","type":"page","link":"https:\/\/www.gyn-guenther.de\/","title":{"rendered":"Start"},"content":{"rendered":"\t\t<div data-elementor-type=\"wp-page\" data-elementor-id=\"80\" class=\"elementor elementor-80\">\n\t\t\t\t\t\t\t\t\t<section class=\"elementor-section elementor-top-section elementor-element elementor-element-4b53955 elementor-section-boxed elementor-section-height-default elementor-section-height-default\" data-id=\"4b53955\" data-element_type=\"section\">\n\t\t\t\t\t\t<div class=\"elementor-container elementor-column-gap-default\">\n\t\t\t\t\t<div class=\"elementor-column elementor-col-50 elementor-top-column elementor-element elementor-element-8f49809\" data-id=\"8f49809\" data-element_type=\"column\">\n\t\t\t<div class=\"elementor-widget-wrap elementor-element-populated\">\n\t\t\t\t\t\t\t\t<div class=\"elementor-element elementor-element-893923f elementor-widget elementor-widget-image\" data-id=\"893923f\" data-element_type=\"widget\" data-widget_type=\"image.default\">\n\t\t\t\t<div class=\"elementor-widget-container\">\n\t\t\t<style>\/*! elementor - v3.14.0 - 26-06-2023 *\/\n.elementor-widget-image{text-align:center}.elementor-widget-image a{display:inline-block}.elementor-widget-image a img[src$=\".svg\"]{width:48px}.elementor-widget-image img{vertical-align:middle;display:inline-block}<\/style>\t\t\t\t\t\t\t\t\t\t\t\t<img loading=\"lazy\" decoding=\"async\" width=\"2048\" height=\"1365\" src=\"https:\/\/www.gyn-guenther.de\/wp-content\/uploads\/2022\/08\/DSC00175_a-2048x1365.jpg\" class=\"attachment-2048x2048 size-2048x2048 wp-image-198\" alt=\"\" srcset=\"https:\/\/www.gyn-guenther.de\/wp-content\/uploads\/2022\/08\/DSC00175_a-2048x1365.jpg 2048w, https:\/\/www.gyn-guenther.de\/wp-content\/uploads\/2022\/08\/DSC00175_a-300x200.jpg 300w, https:\/\/www.gyn-guenther.de\/wp-content\/uploads\/2022\/08\/DSC00175_a-1024x683.jpg 1024w, https:\/\/www.gyn-guenther.de\/wp-content\/uploads\/2022\/08\/DSC00175_a-768x512.jpg 768w, https:\/\/www.gyn-guenther.de\/wp-content\/uploads\/2022\/08\/DSC00175_a-1536x1024.jpg 1536w\" sizes=\"auto, (max-width: 2048px) 100vw, 2048px\" \/>\t\t\t\t\t\t\t\t\t\t\t\t\t\t\t<\/div>\n\t\t\t\t<\/div>\n\t\t\t\t\t<\/div>\n\t\t<\/div>\n\t\t\t\t<div class=\"elementor-column elementor-col-50 elementor-top-column elementor-element elementor-element-77727ee\" data-id=\"77727ee\" data-element_type=\"column\">\n\t\t\t<div class=\"elementor-widget-wrap elementor-element-populated\">\n\t\t\t\t\t\t\t\t<div class=\"elementor-element elementor-element-c561f60 elementor-widget elementor-widget-text-editor\" data-id=\"c561f60\" data-element_type=\"widget\" data-widget_type=\"text-editor.default\">\n\t\t\t\t<div class=\"elementor-widget-container\">\n\t\t\t<style>\/*! elementor - v3.14.0 - 26-06-2023 *\/\n.elementor-widget-text-editor.elementor-drop-cap-view-stacked .elementor-drop-cap{background-color:#69727d;color:#fff}.elementor-widget-text-editor.elementor-drop-cap-view-framed .elementor-drop-cap{color:#69727d;border:3px solid;background-color:transparent}.elementor-widget-text-editor:not(.elementor-drop-cap-view-default) .elementor-drop-cap{margin-top:8px}.elementor-widget-text-editor:not(.elementor-drop-cap-view-default) .elementor-drop-cap-letter{width:1em;height:1em}.elementor-widget-text-editor .elementor-drop-cap{float:left;text-align:center;line-height:1;font-size:50px}.elementor-widget-text-editor .elementor-drop-cap-letter{display:inline-block}<\/style>\t\t\t\t<p>\u00a0<\/p><h1 style=\"color: #7d7d7d;\"><b>Frauenarztpraxis Saskia G\u00fcnther<\/b><\/h1><p>Meine lieben Frauen und M\u00e4dchen, liebe Patientinnen und Patienten.<\/p><p>Die Gyn\u00e4kologie ist ein interessantes, \u00a0vielseitiges, sehr intimes, aber auch gelegentlich scham- und angstbesetztes Fachgebiet.<\/p><p>Mein Anspruch ist es, Sie in freundlicher und vertrauter Atmosph\u00e4re optimal zu betreuen, Sorgen und Probleme individuell zu l\u00f6sen und Ihnen in jeder Lebensphase medizinisch und menschlich zur Seite zu stehen. <br \/>Ich freue mich auf Sie!<\/p><p><img loading=\"lazy\" decoding=\"async\" class=\"alignnone  wp-image-226\" src=\"http:\/\/localhost\/wordpress\/wp-content\/uploads\/2022\/08\/Unbenanntes_Projekt-300x89.png\" alt=\"\" width=\"290\" height=\"86\" srcset=\"https:\/\/www.gyn-guenther.de\/wp-content\/uploads\/2022\/08\/Unbenanntes_Projekt-300x89.png 300w, https:\/\/www.gyn-guenther.de\/wp-content\/uploads\/2022\/08\/Unbenanntes_Projekt-1024x302.png 1024w, https:\/\/www.gyn-guenther.de\/wp-content\/uploads\/2022\/08\/Unbenanntes_Projekt-768x227.png 768w, https:\/\/www.gyn-guenther.de\/wp-content\/uploads\/2022\/08\/Unbenanntes_Projekt-1536x454.png 1536w, https:\/\/www.gyn-guenther.de\/wp-content\/uploads\/2022\/08\/Unbenanntes_Projekt.png 1713w\" sizes=\"auto, (max-width: 290px) 100vw, 290px\" \/><\/p><p>\u00a0<\/p>\t\t\t\t\t\t<\/div>\n\t\t\t\t<\/div>\n\t\t\t\t\t<\/div>\n\t\t<\/div>\n\t\t\t\t\t\t\t<\/div>\n\t\t<\/section>\n\t\t\t\t<section class=\"elementor-section elementor-top-section elementor-element elementor-element-825868d elementor-section-boxed elementor-section-height-default elementor-section-height-default\" data-id=\"825868d\" data-element_type=\"section\">\n\t\t\t\t\t\t<div class=\"elementor-container elementor-column-gap-default\">\n\t\t\t\t\t<div class=\"elementor-column elementor-col-100 elementor-top-column elementor-element elementor-element-7f77002\" data-id=\"7f77002\" data-element_type=\"column\">\n\t\t\t<div class=\"elementor-widget-wrap elementor-element-populated\">\n\t\t\t\t\t\t\t\t<div class=\"elementor-element elementor-element-1781e76 elementor-widget-divider--view-line elementor-widget elementor-widget-divider\" data-id=\"1781e76\" data-element_type=\"widget\" data-widget_type=\"divider.default\">\n\t\t\t\t<div class=\"elementor-widget-container\">\n\t\t\t<style>\/*! elementor - v3.14.0 - 26-06-2023 *\/\n.elementor-widget-divider{--divider-border-style:none;--divider-border-width:1px;--divider-color:#0c0d0e;--divider-icon-size:20px;--divider-element-spacing:10px;--divider-pattern-height:24px;--divider-pattern-size:20px;--divider-pattern-url:none;--divider-pattern-repeat:repeat-x}.elementor-widget-divider .elementor-divider{display:flex}.elementor-widget-divider .elementor-divider__text{font-size:15px;line-height:1;max-width:95%}.elementor-widget-divider .elementor-divider__element{margin:0 var(--divider-element-spacing);flex-shrink:0}.elementor-widget-divider .elementor-icon{font-size:var(--divider-icon-size)}.elementor-widget-divider .elementor-divider-separator{display:flex;margin:0;direction:ltr}.elementor-widget-divider--view-line_icon .elementor-divider-separator,.elementor-widget-divider--view-line_text .elementor-divider-separator{align-items:center}.elementor-widget-divider--view-line_icon .elementor-divider-separator:after,.elementor-widget-divider--view-line_icon .elementor-divider-separator:before,.elementor-widget-divider--view-line_text .elementor-divider-separator:after,.elementor-widget-divider--view-line_text .elementor-divider-separator:before{display:block;content:\"\";border-bottom:0;flex-grow:1;border-top:var(--divider-border-width) var(--divider-border-style) var(--divider-color)}.elementor-widget-divider--element-align-left .elementor-divider .elementor-divider-separator>.elementor-divider__svg:first-of-type{flex-grow:0;flex-shrink:100}.elementor-widget-divider--element-align-left .elementor-divider-separator:before{content:none}.elementor-widget-divider--element-align-left .elementor-divider__element{margin-left:0}.elementor-widget-divider--element-align-right .elementor-divider .elementor-divider-separator>.elementor-divider__svg:last-of-type{flex-grow:0;flex-shrink:100}.elementor-widget-divider--element-align-right .elementor-divider-separator:after{content:none}.elementor-widget-divider--element-align-right .elementor-divider__element{margin-right:0}.elementor-widget-divider:not(.elementor-widget-divider--view-line_text):not(.elementor-widget-divider--view-line_icon) .elementor-divider-separator{border-top:var(--divider-border-width) var(--divider-border-style) var(--divider-color)}.elementor-widget-divider--separator-type-pattern{--divider-border-style:none}.elementor-widget-divider--separator-type-pattern.elementor-widget-divider--view-line .elementor-divider-separator,.elementor-widget-divider--separator-type-pattern:not(.elementor-widget-divider--view-line) .elementor-divider-separator:after,.elementor-widget-divider--separator-type-pattern:not(.elementor-widget-divider--view-line) .elementor-divider-separator:before,.elementor-widget-divider--separator-type-pattern:not([class*=elementor-widget-divider--view]) .elementor-divider-separator{width:100%;min-height:var(--divider-pattern-height);-webkit-mask-size:var(--divider-pattern-size) 100%;mask-size:var(--divider-pattern-size) 100%;-webkit-mask-repeat:var(--divider-pattern-repeat);mask-repeat:var(--divider-pattern-repeat);background-color:var(--divider-color);-webkit-mask-image:var(--divider-pattern-url);mask-image:var(--divider-pattern-url)}.elementor-widget-divider--no-spacing{--divider-pattern-size:auto}.elementor-widget-divider--bg-round{--divider-pattern-repeat:round}.rtl .elementor-widget-divider .elementor-divider__text{direction:rtl}.e-con-inner>.elementor-widget-divider,.e-con>.elementor-widget-divider{width:var(--container-widget-width,100%);--flex-grow:var(--container-widget-flex-grow)}<\/style>\t\t<div class=\"elementor-divider\">\n\t\t\t<span class=\"elementor-divider-separator\">\n\t\t\t\t\t\t<\/span>\n\t\t<\/div>\n\t\t\t\t<\/div>\n\t\t\t\t<\/div>\n\t\t\t\t\t<\/div>\n\t\t<\/div>\n\t\t\t\t\t\t\t<\/div>\n\t\t<\/section>\n\t\t\t\t<section class=\"elementor-section elementor-top-section elementor-element elementor-element-dbb890d elementor-section-boxed elementor-section-height-default elementor-section-height-default\" data-id=\"dbb890d\" data-element_type=\"section\">\n\t\t\t\t\t\t<div class=\"elementor-container elementor-column-gap-default\">\n\t\t\t\t\t<div class=\"elementor-column elementor-col-100 elementor-top-column elementor-element elementor-element-2af42fa\" data-id=\"2af42fa\" data-element_type=\"column\">\n\t\t\t<div class=\"elementor-widget-wrap elementor-element-populated\">\n\t\t\t\t\t\t\t\t<div class=\"elementor-element elementor-element-0a7eaff elementor-widget elementor-widget-heading\" data-id=\"0a7eaff\" data-element_type=\"widget\" data-widget_type=\"heading.default\">\n\t\t\t\t<div class=\"elementor-widget-container\">\n\t\t\t<style>\/*! elementor - v3.14.0 - 26-06-2023 *\/\n.elementor-heading-title{padding:0;margin:0;line-height:1}.elementor-widget-heading .elementor-heading-title[class*=elementor-size-]>a{color:inherit;font-size:inherit;line-height:inherit}.elementor-widget-heading .elementor-heading-title.elementor-size-small{font-size:15px}.elementor-widget-heading .elementor-heading-title.elementor-size-medium{font-size:19px}.elementor-widget-heading .elementor-heading-title.elementor-size-large{font-size:29px}.elementor-widget-heading .elementor-heading-title.elementor-size-xl{font-size:39px}.elementor-widget-heading .elementor-heading-title.elementor-size-xxl{font-size:59px}<\/style><h2 class=\"elementor-heading-title elementor-size-default\">So k\u00f6nnen sie uns erreichen<\/h2>\t\t<\/div>\n\t\t\t\t<\/div>\n\t\t\t\t\t<\/div>\n\t\t<\/div>\n\t\t\t\t\t\t\t<\/div>\n\t\t<\/section>\n\t\t\t\t<section class=\"elementor-section elementor-top-section elementor-element elementor-element-674bc30 elementor-section-boxed elementor-section-height-default elementor-section-height-default\" data-id=\"674bc30\" data-element_type=\"section\">\n\t\t\t\t\t\t<div class=\"elementor-container elementor-column-gap-default\">\n\t\t\t\t\t<div class=\"elementor-column elementor-col-33 elementor-top-column elementor-element elementor-element-b1b6408\" data-id=\"b1b6408\" data-element_type=\"column\">\n\t\t\t<div class=\"elementor-widget-wrap elementor-element-populated\">\n\t\t\t\t\t\t\t\t<div class=\"elementor-element elementor-element-02b972c elementor-widget elementor-widget-image\" data-id=\"02b972c\" data-element_type=\"widget\" data-widget_type=\"image.default\">\n\t\t\t\t<div class=\"elementor-widget-container\">\n\t\t\t\t\t\t\t\t\t\t\t\t\t\t\t<img loading=\"lazy\" decoding=\"async\" width=\"150\" height=\"150\" src=\"https:\/\/www.gyn-guenther.de\/wp-content\/uploads\/2022\/05\/clock-150x150.png\" class=\"attachment-thumbnail size-thumbnail wp-image-106\" alt=\"\" srcset=\"https:\/\/www.gyn-guenther.de\/wp-content\/uploads\/2022\/05\/clock-150x150.png 150w, https:\/\/www.gyn-guenther.de\/wp-content\/uploads\/2022\/05\/clock-300x300.png 300w, https:\/\/www.gyn-guenther.de\/wp-content\/uploads\/2022\/05\/clock.png 512w\" sizes=\"auto, (max-width: 150px) 100vw, 150px\" \/>\t\t\t\t\t\t\t\t\t\t\t\t\t\t\t<\/div>\n\t\t\t\t<\/div>\n\t\t\t\t<div class=\"elementor-element elementor-element-2f880d7 elementor-widget__width-inherit elementor-widget-tablet__width-inherit elementor-widget-mobile__width-inherit elementor-widget elementor-widget-text-editor\" data-id=\"2f880d7\" data-element_type=\"widget\" data-settings=\"{&quot;_animation_mobile&quot;:&quot;none&quot;}\" data-widget_type=\"text-editor.default\">\n\t\t\t\t<div class=\"elementor-widget-container\">\n\t\t\t\t\t\t\t<p><strong>Montag:<\/strong> <br>08:00 &#8211; 12:00 \/ 13:00 &#8211; 16:00<br><strong>Dienstag:<\/strong><br>10:00 &#8211; 13:00 \/ 14:00 &#8211; 19:00<br><strong>Mittwoch:<\/strong><br>08:00 &#8211; 13:00<br><strong>Donnerstag:<\/strong><br>08:00 &#8211; 12:00 \/ 13:00 &#8211; 16:00<br><strong>Freitag:<\/strong><br>08:00 &#8211; 13:00<\/p>\t\t\t\t\t\t<\/div>\n\t\t\t\t<\/div>\n\t\t\t\t\t<\/div>\n\t\t<\/div>\n\t\t\t\t<div class=\"elementor-column elementor-col-33 elementor-top-column elementor-element elementor-element-caea8de\" data-id=\"caea8de\" data-element_type=\"column\">\n\t\t\t<div class=\"elementor-widget-wrap elementor-element-populated\">\n\t\t\t\t\t\t\t\t<div class=\"elementor-element elementor-element-570cf9f elementor-widget elementor-widget-image\" data-id=\"570cf9f\" data-element_type=\"widget\" data-widget_type=\"image.default\">\n\t\t\t\t<div class=\"elementor-widget-container\">\n\t\t\t\t\t\t\t\t\t\t\t\t\t\t\t<img loading=\"lazy\" decoding=\"async\" width=\"150\" height=\"150\" src=\"https:\/\/www.gyn-guenther.de\/wp-content\/uploads\/2022\/05\/marker-150x150.png\" class=\"attachment-thumbnail size-thumbnail wp-image-107\" alt=\"\" srcset=\"https:\/\/www.gyn-guenther.de\/wp-content\/uploads\/2022\/05\/marker-150x150.png 150w, https:\/\/www.gyn-guenther.de\/wp-content\/uploads\/2022\/05\/marker-300x300.png 300w, https:\/\/www.gyn-guenther.de\/wp-content\/uploads\/2022\/05\/marker.png 512w\" sizes=\"auto, (max-width: 150px) 100vw, 150px\" \/>\t\t\t\t\t\t\t\t\t\t\t\t\t\t\t<\/div>\n\t\t\t\t<\/div>\n\t\t\t\t<div class=\"elementor-element elementor-element-377acfb elementor-widget__width-inherit elementor-widget-tablet__width-inherit elementor-widget elementor-widget-text-editor\" data-id=\"377acfb\" data-element_type=\"widget\" data-widget_type=\"text-editor.default\">\n\t\t\t\t<div class=\"elementor-widget-container\">\n\t\t\t\t\t\t\t<p><strong>Sie finden uns in der:<\/strong><\/p><p>Frauenarztpraxis G\u00fcnther<br \/>Am Poeler Tor 1<br \/>23966 Wismar<\/p>\t\t\t\t\t\t<\/div>\n\t\t\t\t<\/div>\n\t\t\t\t\t<\/div>\n\t\t<\/div>\n\t\t\t\t<div class=\"elementor-column elementor-col-33 elementor-top-column elementor-element elementor-element-c6ac2c7\" data-id=\"c6ac2c7\" data-element_type=\"column\">\n\t\t\t<div class=\"elementor-widget-wrap elementor-element-populated\">\n\t\t\t\t\t\t\t\t<div class=\"elementor-element elementor-element-1239313 elementor-widget elementor-widget-image\" data-id=\"1239313\" data-element_type=\"widget\" data-widget_type=\"image.default\">\n\t\t\t\t<div class=\"elementor-widget-container\">\n\t\t\t\t\t\t\t\t\t\t\t\t\t\t\t<img loading=\"lazy\" decoding=\"async\" width=\"150\" height=\"150\" src=\"https:\/\/www.gyn-guenther.de\/wp-content\/uploads\/2022\/05\/address-book-150x150.png\" class=\"attachment-thumbnail size-thumbnail wp-image-108\" alt=\"\" srcset=\"https:\/\/www.gyn-guenther.de\/wp-content\/uploads\/2022\/05\/address-book-150x150.png 150w, https:\/\/www.gyn-guenther.de\/wp-content\/uploads\/2022\/05\/address-book-300x300.png 300w, https:\/\/www.gyn-guenther.de\/wp-content\/uploads\/2022\/05\/address-book.png 512w\" sizes=\"auto, (max-width: 150px) 100vw, 150px\" \/>\t\t\t\t\t\t\t\t\t\t\t\t\t\t\t<\/div>\n\t\t\t\t<\/div>\n\t\t\t\t<div class=\"elementor-element elementor-element-1de836d elementor-widget__width-inherit elementor-widget-tablet__width-inherit elementor-widget-mobile__width-inherit elementor-widget elementor-widget-text-editor\" data-id=\"1de836d\" data-element_type=\"widget\" data-widget_type=\"text-editor.default\">\n\t\t\t\t<div class=\"elementor-widget-container\">\n\t\t\t\t\t\t\t<p><strong>Telefon:<\/strong><br \/>03841282986<\/p><p><strong>E-Mail:<\/strong><br \/>praxis@gyn-guenther.de<\/p>\t\t\t\t\t\t<\/div>\n\t\t\t\t<\/div>\n\t\t\t\t\t<\/div>\n\t\t<\/div>\n\t\t\t\t\t\t\t<\/div>\n\t\t<\/section>\n\t\t\t\t<section class=\"elementor-section elementor-top-section elementor-element elementor-element-b9d8e83 elementor-section-boxed elementor-section-height-default elementor-section-height-default\" data-id=\"b9d8e83\" data-element_type=\"section\">\n\t\t\t\t\t\t<div class=\"elementor-container elementor-column-gap-default\">\n\t\t\t\t\t<div class=\"elementor-column elementor-col-100 elementor-top-column elementor-element elementor-element-079fe13\" data-id=\"079fe13\" data-element_type=\"column\">\n\t\t\t<div class=\"elementor-widget-wrap elementor-element-populated\">\n\t\t\t\t\t\t\t\t<div class=\"elementor-element elementor-element-c4cb7ac elementor-widget-divider--view-line elementor-widget elementor-widget-divider\" data-id=\"c4cb7ac\" data-element_type=\"widget\" data-widget_type=\"divider.default\">\n\t\t\t\t<div class=\"elementor-widget-container\">\n\t\t\t\t\t<div class=\"elementor-divider\">\n\t\t\t<span class=\"elementor-divider-separator\">\n\t\t\t\t\t\t<\/span>\n\t\t<\/div>\n\t\t\t\t<\/div>\n\t\t\t\t<\/div>\n\t\t\t\t<div class=\"elementor-element elementor-element-2141397 elementor-widget elementor-widget-heading\" data-id=\"2141397\" data-element_type=\"widget\" data-widget_type=\"heading.default\">\n\t\t\t\t<div class=\"elementor-widget-container\">\n\t\t\t<h2 class=\"elementor-heading-title elementor-size-default\">Unsere Dienstleistungen<\/h2>\t\t<\/div>\n\t\t\t\t<\/div>\n\t\t\t\t\t<\/div>\n\t\t<\/div>\n\t\t\t\t\t\t\t<\/div>\n\t\t<\/section>\n\t\t\t\t<section class=\"elementor-section elementor-top-section elementor-element elementor-element-0e30e75 elementor-section-boxed elementor-section-height-default elementor-section-height-default\" data-id=\"0e30e75\" data-element_type=\"section\">\n\t\t\t\t\t\t<div class=\"elementor-container elementor-column-gap-default\">\n\t\t\t\t\t<div class=\"elementor-column elementor-col-33 elementor-top-column elementor-element elementor-element-4d34fee\" data-id=\"4d34fee\" data-element_type=\"column\">\n\t\t\t<div class=\"elementor-widget-wrap elementor-element-populated\">\n\t\t\t\t\t\t\t\t<div class=\"elementor-element elementor-element-38966a1 elementor-widget elementor-widget-image\" data-id=\"38966a1\" data-element_type=\"widget\" data-widget_type=\"image.default\">\n\t\t\t\t<div class=\"elementor-widget-container\">\n\t\t\t\t\t\t\t\t\t\t\t\t\t\t\t<img loading=\"lazy\" decoding=\"async\" width=\"150\" height=\"150\" src=\"https:\/\/www.gyn-guenther.de\/wp-content\/uploads\/2022\/08\/raindrops-150x150.png\" class=\"attachment-thumbnail size-thumbnail wp-image-180\" alt=\"\" srcset=\"https:\/\/www.gyn-guenther.de\/wp-content\/uploads\/2022\/08\/raindrops-150x150.png 150w, https:\/\/www.gyn-guenther.de\/wp-content\/uploads\/2022\/08\/raindrops-300x300.png 300w, https:\/\/www.gyn-guenther.de\/wp-content\/uploads\/2022\/08\/raindrops.png 512w\" sizes=\"auto, (max-width: 150px) 100vw, 150px\" \/>\t\t\t\t\t\t\t\t\t\t\t\t\t\t\t<\/div>\n\t\t\t\t<\/div>\n\t\t\t\t<div class=\"elementor-element elementor-element-8ce602c elementor-widget elementor-widget-text-editor\" data-id=\"8ce602c\" data-element_type=\"widget\" data-widget_type=\"text-editor.default\">\n\t\t\t\t<div class=\"elementor-widget-container\">\n\t\t\t\t\t\t\t<p><b>Urogyn\u00e4kologie<br \/><\/b><\/p><p>Inkontinenz ist kein Tabuthema! Wir verf\u00fcgen \u00fcber einen modernen Messplatz f\u00fcr Patientinnen mit Harninkontinenz und finden individuelle L\u00f6sungen.<\/p><p>\u00a0<\/p><p>\u00a0<\/p>\t\t\t\t\t\t<\/div>\n\t\t\t\t<\/div>\n\t\t\t\t\t<\/div>\n\t\t<\/div>\n\t\t\t\t<div class=\"elementor-column elementor-col-33 elementor-top-column elementor-element elementor-element-85ae752\" data-id=\"85ae752\" data-element_type=\"column\">\n\t\t\t<div class=\"elementor-widget-wrap elementor-element-populated\">\n\t\t\t\t\t\t\t\t<div class=\"elementor-element elementor-element-0ab72c1 elementor-widget elementor-widget-image\" data-id=\"0ab72c1\" data-element_type=\"widget\" data-widget_type=\"image.default\">\n\t\t\t\t<div class=\"elementor-widget-container\">\n\t\t\t\t\t\t\t\t\t\t\t\t\t\t\t<img loading=\"lazy\" decoding=\"async\" width=\"150\" height=\"150\" src=\"https:\/\/www.gyn-guenther.de\/wp-content\/uploads\/2022\/05\/hand-holding-heart1-150x150.png\" class=\"attachment-thumbnail size-thumbnail wp-image-169\" alt=\"\" srcset=\"https:\/\/www.gyn-guenther.de\/wp-content\/uploads\/2022\/05\/hand-holding-heart1-150x150.png 150w, https:\/\/www.gyn-guenther.de\/wp-content\/uploads\/2022\/05\/hand-holding-heart1-300x300.png 300w, https:\/\/www.gyn-guenther.de\/wp-content\/uploads\/2022\/05\/hand-holding-heart1.png 512w\" sizes=\"auto, (max-width: 150px) 100vw, 150px\" \/>\t\t\t\t\t\t\t\t\t\t\t\t\t\t\t<\/div>\n\t\t\t\t<\/div>\n\t\t\t\t<div class=\"elementor-element elementor-element-c6015a5 elementor-widget elementor-widget-text-editor\" data-id=\"c6015a5\" data-element_type=\"widget\" data-widget_type=\"text-editor.default\">\n\t\t\t\t<div class=\"elementor-widget-container\">\n\t\t\t\t\t\t\t<p><b>Vorsorge<\/b><\/p>\n<p>Wir sorgen uns um Sie: Krebsvorsorge, Verh\u00fctungsberatung, Kinderwunsch, Probleme in den Wechseljahren, postoperative Nachsorge.<b><\/b><\/p>\n<p><br><\/p>\t\t\t\t\t\t<\/div>\n\t\t\t\t<\/div>\n\t\t\t\t\t<\/div>\n\t\t<\/div>\n\t\t\t\t<div class=\"elementor-column elementor-col-33 elementor-top-column elementor-element elementor-element-59c1bf0\" data-id=\"59c1bf0\" data-element_type=\"column\">\n\t\t\t<div class=\"elementor-widget-wrap elementor-element-populated\">\n\t\t\t\t\t\t\t\t<div class=\"elementor-element elementor-element-964322d elementor-widget elementor-widget-image\" data-id=\"964322d\" data-element_type=\"widget\" data-widget_type=\"image.default\">\n\t\t\t\t<div class=\"elementor-widget-container\">\n\t\t\t\t\t\t\t\t\t\t\t\t\t\t\t<img loading=\"lazy\" decoding=\"async\" width=\"150\" height=\"150\" src=\"https:\/\/www.gyn-guenther.de\/wp-content\/uploads\/2022\/05\/following-150x150.png\" class=\"attachment-thumbnail size-thumbnail wp-image-172\" alt=\"\" srcset=\"https:\/\/www.gyn-guenther.de\/wp-content\/uploads\/2022\/05\/following-150x150.png 150w, https:\/\/www.gyn-guenther.de\/wp-content\/uploads\/2022\/05\/following-300x300.png 300w, https:\/\/www.gyn-guenther.de\/wp-content\/uploads\/2022\/05\/following.png 512w\" sizes=\"auto, (max-width: 150px) 100vw, 150px\" \/>\t\t\t\t\t\t\t\t\t\t\t\t\t\t\t<\/div>\n\t\t\t\t<\/div>\n\t\t\t\t<div class=\"elementor-element elementor-element-c767fe2 elementor-widget elementor-widget-text-editor\" data-id=\"c767fe2\" data-element_type=\"widget\" data-widget_type=\"text-editor.default\">\n\t\t\t\t<div class=\"elementor-widget-container\">\n\t\t\t\t\t\t\t<p><b>Schwangerschaft<br><\/b><\/p>\n<p>F\u00fcrsorge und Technik: Wir begleiten ihre Schwangerschaft zum Wohl von Mutter und Kind.<\/p>\n<p><br><\/p>\t\t\t\t\t\t<\/div>\n\t\t\t\t<\/div>\n\t\t\t\t\t<\/div>\n\t\t<\/div>\n\t\t\t\t\t\t\t<\/div>\n\t\t<\/section>\n\t\t\t\t\t\t\t<\/div>\n\t\t","protected":false},"excerpt":{"rendered":"<p>\u00a0 Frauenarztpraxis Saskia G\u00fcnther Meine lieben Frauen und M\u00e4dchen, liebe Patientinnen und Patienten. Die Gyn\u00e4kologie ist ein interessantes, \u00a0vielseitiges, sehr intimes, aber auch gelegentlich scham- und angstbesetztes Fachgebiet. Mein Anspruch ist es, Sie in freundlicher und vertrauter Atmosph\u00e4re optimal zu betreuen, Sorgen und Probleme individuell zu l\u00f6sen und Ihnen in jeder Lebensphase medizinisch und menschlich [&hellip;]<\/p>\n","protected":false},"author":1,"featured_media":0,"parent":0,"menu_order":0,"comment_status":"closed","ping_status":"closed","template":"","meta":{"footnotes":""},"class_list":["post-80","page","type-page","status-publish","hentry","wpbf-post"],"_links":{"self":[{"href":"https:\/\/www.gyn-guenther.de\/index.php?rest_route=\/wp\/v2\/pages\/80","targetHints":{"allow":["GET"]}}],"collection":[{"href":"https:\/\/www.gyn-guenther.de\/index.php?rest_route=\/wp\/v2\/pages"}],"about":[{"href":"https:\/\/www.gyn-guenther.de\/index.php?rest_route=\/wp\/v2\/types\/page"}],"author":[{"embeddable":true,"href":"https:\/\/www.gyn-guenther.de\/index.php?rest_route=\/wp\/v2\/users\/1"}],"replies":[{"embeddable":true,"href":"https:\/\/www.gyn-guenther.de\/index.php?rest_route=%2Fwp%2Fv2%2Fcomments&post=80"}],"version-history":[{"count":85,"href":"https:\/\/www.gyn-guenther.de\/index.php?rest_route=\/wp\/v2\/pages\/80\/revisions"}],"predecessor-version":[{"id":331,"href":"https:\/\/www.gyn-guenther.de\/index.php?rest_route=\/wp\/v2\/pages\/80\/revisions\/331"}],"wp:attachment":[{"href":"https:\/\/www.gyn-guenther.de\/index.php?rest_route=%2Fwp%2Fv2%2Fmedia&parent=80"}],"curies":[{"name":"wp","href":"https:\/\/api.w.org\/{rel}","templated":true}]}}