{"id":257,"date":"2022-08-15T13:10:56","date_gmt":"2022-08-15T11:10:56","guid":{"rendered":"http:\/\/localhost\/wordpress\/?page_id=257"},"modified":"2023-07-05T19:15:44","modified_gmt":"2023-07-05T17:15:44","slug":"257-2","status":"publish","type":"page","link":"https:\/\/www.gyn-guenther.de\/?page_id=257","title":{"rendered":"Krebsvorsorge"},"content":{"rendered":"\t\t<div data-elementor-type=\"wp-page\" data-elementor-id=\"257\" class=\"elementor elementor-257\">\n\t\t\t\t\t\t\t\t\t<section class=\"elementor-section elementor-top-section elementor-element elementor-element-ee79d2a elementor-section-boxed elementor-section-height-default elementor-section-height-default\" data-id=\"ee79d2a\" data-element_type=\"section\">\n\t\t\t\t\t\t<div class=\"elementor-container elementor-column-gap-default\">\n\t\t\t\t\t<div class=\"elementor-column elementor-col-100 elementor-top-column elementor-element elementor-element-58c3079\" data-id=\"58c3079\" data-element_type=\"column\">\n\t\t\t<div class=\"elementor-widget-wrap elementor-element-populated\">\n\t\t\t\t\t\t\t\t<div class=\"elementor-element elementor-element-60bcf85 elementor-widget elementor-widget-heading\" data-id=\"60bcf85\" data-element_type=\"widget\" data-widget_type=\"heading.default\">\n\t\t\t\t<div class=\"elementor-widget-container\">\n\t\t\t<style>\/*! elementor - v3.14.0 - 26-06-2023 *\/\n.elementor-heading-title{padding:0;margin:0;line-height:1}.elementor-widget-heading .elementor-heading-title[class*=elementor-size-]>a{color:inherit;font-size:inherit;line-height:inherit}.elementor-widget-heading .elementor-heading-title.elementor-size-small{font-size:15px}.elementor-widget-heading .elementor-heading-title.elementor-size-medium{font-size:19px}.elementor-widget-heading .elementor-heading-title.elementor-size-large{font-size:29px}.elementor-widget-heading .elementor-heading-title.elementor-size-xl{font-size:39px}.elementor-widget-heading .elementor-heading-title.elementor-size-xxl{font-size:59px}<\/style><h2 class=\"elementor-heading-title elementor-size-default\">Krebsvorsorge-Untersuchung<\/h2>\t\t<\/div>\n\t\t\t\t<\/div>\n\t\t\t\t<div class=\"elementor-element elementor-element-5e789b7 elementor-widget elementor-widget-image\" data-id=\"5e789b7\" data-element_type=\"widget\" data-widget_type=\"image.default\">\n\t\t\t\t<div class=\"elementor-widget-container\">\n\t\t\t<style>\/*! elementor - v3.14.0 - 26-06-2023 *\/\n.elementor-widget-image{text-align:center}.elementor-widget-image a{display:inline-block}.elementor-widget-image a img[src$=\".svg\"]{width:48px}.elementor-widget-image img{vertical-align:middle;display:inline-block}<\/style>\t\t\t\t\t\t\t\t\t\t\t\t<img loading=\"lazy\" decoding=\"async\" width=\"666\" height=\"374\" src=\"https:\/\/www.gyn-guenther.de\/wp-content\/uploads\/2022\/08\/Vorsorge_1-removebg-preview.png\" class=\"attachment-medium_large size-medium_large wp-image-267\" alt=\"\" srcset=\"https:\/\/www.gyn-guenther.de\/wp-content\/uploads\/2022\/08\/Vorsorge_1-removebg-preview.png 666w, https:\/\/www.gyn-guenther.de\/wp-content\/uploads\/2022\/08\/Vorsorge_1-removebg-preview-300x168.png 300w\" sizes=\"auto, (max-width: 666px) 100vw, 666px\" \/>\t\t\t\t\t\t\t\t\t\t\t\t\t\t\t<\/div>\n\t\t\t\t<\/div>\n\t\t\t\t\t<\/div>\n\t\t<\/div>\n\t\t\t\t\t\t\t<\/div>\n\t\t<\/section>\n\t\t\t\t<section class=\"elementor-section elementor-top-section elementor-element elementor-element-9ba658d elementor-section-boxed elementor-section-height-default elementor-section-height-default\" data-id=\"9ba658d\" data-element_type=\"section\">\n\t\t\t\t\t\t<div class=\"elementor-container elementor-column-gap-default\">\n\t\t\t\t\t<div class=\"elementor-column elementor-col-100 elementor-top-column elementor-element elementor-element-99e9623\" data-id=\"99e9623\" data-element_type=\"column\">\n\t\t\t<div class=\"elementor-widget-wrap elementor-element-populated\">\n\t\t\t\t\t\t\t\t<div class=\"elementor-element elementor-element-cdc87ac elementor-widget elementor-widget-toggle\" data-id=\"cdc87ac\" data-element_type=\"widget\" data-widget_type=\"toggle.default\">\n\t\t\t\t<div class=\"elementor-widget-container\">\n\t\t\t<style>\/*! elementor - v3.14.0 - 26-06-2023 *\/\n.elementor-toggle{text-align:left}.elementor-toggle .elementor-tab-title{font-weight:700;line-height:1;margin:0;padding:15px;border-bottom:1px solid #d5d8dc;cursor:pointer;outline:none}.elementor-toggle .elementor-tab-title .elementor-toggle-icon{display:inline-block;width:1em}.elementor-toggle .elementor-tab-title .elementor-toggle-icon svg{-webkit-margin-start:-5px;margin-inline-start:-5px;width:1em;height:1em}.elementor-toggle .elementor-tab-title .elementor-toggle-icon.elementor-toggle-icon-right{float:right;text-align:right}.elementor-toggle .elementor-tab-title .elementor-toggle-icon.elementor-toggle-icon-left{float:left;text-align:left}.elementor-toggle .elementor-tab-title .elementor-toggle-icon .elementor-toggle-icon-closed{display:block}.elementor-toggle .elementor-tab-title .elementor-toggle-icon .elementor-toggle-icon-opened{display:none}.elementor-toggle .elementor-tab-title.elementor-active{border-bottom:none}.elementor-toggle .elementor-tab-title.elementor-active .elementor-toggle-icon-closed{display:none}.elementor-toggle .elementor-tab-title.elementor-active .elementor-toggle-icon-opened{display:block}.elementor-toggle .elementor-tab-content{padding:15px;border-bottom:1px solid #d5d8dc;display:none}@media (max-width:767px){.elementor-toggle .elementor-tab-title{padding:12px}.elementor-toggle .elementor-tab-content{padding:12px 10px}}.e-con-inner>.elementor-widget-toggle,.e-con>.elementor-widget-toggle{width:var(--container-widget-width);--flex-grow:var(--container-widget-flex-grow)}<\/style>\t\t<div class=\"elementor-toggle\">\n\t\t\t\t\t\t\t<div class=\"elementor-toggle-item\">\n\t\t\t\t\t<div id=\"elementor-tab-title-2151\" class=\"elementor-tab-title\" data-tab=\"1\" role=\"button\" aria-controls=\"elementor-tab-content-2151\" aria-expanded=\"false\">\n\t\t\t\t\t\t\t\t\t\t\t\t<span class=\"elementor-toggle-icon elementor-toggle-icon-left\" aria-hidden=\"true\">\n\t\t\t\t\t\t\t\t\t\t\t\t\t\t\t<span class=\"elementor-toggle-icon-closed\"><i class=\"fas fa-caret-right\"><\/i><\/span>\n\t\t\t\t\t\t\t\t<span class=\"elementor-toggle-icon-opened\"><i class=\"elementor-toggle-icon-opened fas fa-caret-up\"><\/i><\/span>\n\t\t\t\t\t\t\t\t\t\t\t\t\t<\/span>\n\t\t\t\t\t\t\t\t\t\t\t\t<a class=\"elementor-toggle-title\" tabindex=\"0\"> Was gibt es im Allgemeinen zu sagen? <\/a>\n\t\t\t\t\t<\/div>\n\n\t\t\t\t\t<div id=\"elementor-tab-content-2151\" class=\"elementor-tab-content elementor-clearfix\" data-tab=\"1\" role=\"region\" aria-labelledby=\"elementor-tab-title-2151\"><p>Zugegeben, es gibt kaum eine andere Untersuchung, die so intim, so schambesetzt ist. Wir haben es schon mit der Muttermilch aufgesogen \u2013 der Frauenarztbesuch ist doof, peinlich, unangenehm\u2026.<br>Aber: wenn Sie regelm\u00e4\u00dfig zum Frauenarzt gehen, sind Sie gut \u00fcberwacht. Au\u00dferdem k\u00f6nnen Sie&nbsp; beim Frauenarzt viele Dinge besprechen, die sie sonst vielleicht mit niemand Anderem besprechen k\u00f6nnen\u2026(Sexualit\u00e4t, Geschlecht, Inkontinenz usw.)<\/p><\/div>\n\t\t\t\t<\/div>\n\t\t\t\t\t\t\t<div class=\"elementor-toggle-item\">\n\t\t\t\t\t<div id=\"elementor-tab-title-2152\" class=\"elementor-tab-title\" data-tab=\"2\" role=\"button\" aria-controls=\"elementor-tab-content-2152\" aria-expanded=\"false\">\n\t\t\t\t\t\t\t\t\t\t\t\t<span class=\"elementor-toggle-icon elementor-toggle-icon-left\" aria-hidden=\"true\">\n\t\t\t\t\t\t\t\t\t\t\t\t\t\t\t<span class=\"elementor-toggle-icon-closed\"><i class=\"fas fa-caret-right\"><\/i><\/span>\n\t\t\t\t\t\t\t\t<span class=\"elementor-toggle-icon-opened\"><i class=\"elementor-toggle-icon-opened fas fa-caret-up\"><\/i><\/span>\n\t\t\t\t\t\t\t\t\t\t\t\t\t<\/span>\n\t\t\t\t\t\t\t\t\t\t\t\t<a class=\"elementor-toggle-title\" tabindex=\"0\"> Wie l\u00e4uft eine Krebsvorsorgeuntersuchung ab? <\/a>\n\t\t\t\t\t<\/div>\n\n\t\t\t\t\t<div id=\"elementor-tab-content-2152\" class=\"elementor-tab-content elementor-clearfix\" data-tab=\"2\" role=\"region\" aria-labelledby=\"elementor-tab-title-2152\"><p>Wir sind allein im Untersuchungsraum. Nach einer Anamnese und dem Besprechen m\u00f6glicher Probleme werde ich Sie bitten, sich Ihrer Hose und Unterhose zu entledigen.<br>Dann werden Sie sich auf den Untersuchungsstuhl setzten. Der Stuhl wird automatisch in die richtige Position gefahren. Nachdem Sie vorgerutscht sind, werde ich mir mit Hilfe von Specula, diese bestehen aus zwei Teilen, Ihren Geb\u00e4rmutterhals einstellen. Ganz, ganz wichtig \u2013 sagen Sie mir unbedingt Bescheid, wenn Sie noch keinen Verkehr hatten, wenn etwas weh tut oder unangenehm ist.<br>Mit speziellen Spateln und B\u00fcrstchen werde ich dann einen Abstrich vom Geb\u00e4rmutterhals entnehmen. Anschlie\u00dfend erfolgt die Tastuntersuchung. Dabei lege ich einen oder zwei Finger meiner rechten Hand in die Scheide ein und schiebe mir mit der linken Hand die Geb\u00e4rmutter entgegen. So kann ich zum Einen tasten, wie mobil Ihre Geb\u00e4rmutter ist, zum Anderen Gr\u00f6\u00dfe und eventuelle Unebenheiten &#8211; z.B. Myome &#8211; ertasten, danach taste ich den rechten und linken Eierstock. Bei Auff\u00e4lligkeiten schlie\u00dft sich eine Ultraschalluntersuchung an, mit welcher ich die Harnblase, Geb\u00e4rmutter, Eierst\u00f6cke, ggf. Eileiter (wenn diese mit Fl\u00fcssigkeit gef\u00fcllt sind) und den Douglasschen Raum (den Raum hinter der Geb\u00e4rmutter) anschauen kann.<\/p>\n<p>Dann werde ich Sie auffordern, sich die Hose wieder anzuziehen und die Brust frei zu machen, damit ich Ihre Brust untersuchen kann. Es ist wichtig, schon fr\u00fch mit der Selbstuntersuchung der Brust zu beginnen. Der beste Zeitpunkt daf\u00fcr ist immer nach der Regel. Kommen Sie bitte unbedingt zu mir, wenn Sie etwas Ungew\u00f6hnliches ertasten.<\/p><\/div>\n\t\t\t\t<\/div>\n\t\t\t\t\t\t\t<div class=\"elementor-toggle-item\">\n\t\t\t\t\t<div id=\"elementor-tab-title-2153\" class=\"elementor-tab-title\" data-tab=\"3\" role=\"button\" aria-controls=\"elementor-tab-content-2153\" aria-expanded=\"false\">\n\t\t\t\t\t\t\t\t\t\t\t\t<span class=\"elementor-toggle-icon elementor-toggle-icon-left\" aria-hidden=\"true\">\n\t\t\t\t\t\t\t\t\t\t\t\t\t\t\t<span class=\"elementor-toggle-icon-closed\"><i class=\"fas fa-caret-right\"><\/i><\/span>\n\t\t\t\t\t\t\t\t<span class=\"elementor-toggle-icon-opened\"><i class=\"elementor-toggle-icon-opened fas fa-caret-up\"><\/i><\/span>\n\t\t\t\t\t\t\t\t\t\t\t\t\t<\/span>\n\t\t\t\t\t\t\t\t\t\t\t\t<a class=\"elementor-toggle-title\" tabindex=\"0\"> Was gibt es f\u00fcr altersbedingte Untersuchungen? <\/a>\n\t\t\t\t\t<\/div>\n\n\t\t\t\t\t<div id=\"elementor-tab-content-2153\" class=\"elementor-tab-content elementor-clearfix\" data-tab=\"3\" role=\"region\" aria-labelledby=\"elementor-tab-title-2153\"><p>Ab dem 50. Lebensjahr bekommen Sie einmal j\u00e4hrlich ein Testr\u00f6hrchen f\u00fcr eine Stuhlprobe mit.<br \/>Ab dem 55. Lebensjahr werden Sie aufgefordert, sich einen Termin zur Darmspiegelung (Koloskopie) zu machen.<br \/>Ab dem 50. bis zum 69. Lebensjahr bekommen Sie alle zwei Jahre eine Einladung zur Mammographie.<\/p><\/div>\n\t\t\t\t<\/div>\n\t\t\t\t\t\t\t<div class=\"elementor-toggle-item\">\n\t\t\t\t\t<div id=\"elementor-tab-title-2154\" class=\"elementor-tab-title\" data-tab=\"4\" role=\"button\" aria-controls=\"elementor-tab-content-2154\" aria-expanded=\"false\">\n\t\t\t\t\t\t\t\t\t\t\t\t<span class=\"elementor-toggle-icon elementor-toggle-icon-left\" aria-hidden=\"true\">\n\t\t\t\t\t\t\t\t\t\t\t\t\t\t\t<span class=\"elementor-toggle-icon-closed\"><i class=\"fas fa-caret-right\"><\/i><\/span>\n\t\t\t\t\t\t\t\t<span class=\"elementor-toggle-icon-opened\"><i class=\"elementor-toggle-icon-opened fas fa-caret-up\"><\/i><\/span>\n\t\t\t\t\t\t\t\t\t\t\t\t\t<\/span>\n\t\t\t\t\t\t\t\t\t\t\t\t<a class=\"elementor-toggle-title\" tabindex=\"0\"> Was gibt es f\u00fcr Besonderheiten bei der Krebsvorsorgeuntersuchung? <\/a>\n\t\t\t\t\t<\/div>\n\n\t\t\t\t\t<div id=\"elementor-tab-content-2154\" class=\"elementor-tab-content elementor-clearfix\" data-tab=\"4\" role=\"region\" aria-labelledby=\"elementor-tab-title-2154\"><div id=\"elementor-tab-content-1634\" class=\"elementor-tab-content elementor-clearfix elementor-active\" role=\"tabpanel\" data-tab=\"4\" aria-labelledby=\"elementor-tab-title-1634\"><p>\u2013 Bis zum 35. Lebensjahr erfolgt ein j\u00e4hrlicher Abstrich vom Geb\u00e4rmutterhals.<\/p><p>\u2013 Ab dem 35. Lebensjahr erfolgt nur noch alle drei Jahre ein sogenannter \u201eKombinierter Abstrich\u201c. Bei diesem wird nach Zellver\u00e4nderungen am Geb\u00e4rmutterhals und einer Infektion mit dem Humanen Papilloma Virus\u00a0 gesucht.<\/p><p>Dies <strong>bedeutet absolut nicht<\/strong>, dass Sie nur noch alle drei Jahre kommen sollten! Der <strong>j\u00e4hrliche<\/strong> Vorsorgetermin ist wichtig! Ich werde mir Ihren Geb\u00e4rmutterhals anschauen und j\u00e4hrlich entscheiden, ob ein Abstrich erforderlich ist. Au\u00dferdem erfolgt die Tastuntersuchung des inneren Genitals und der Brust.<\/p><\/div><\/div>\n\t\t\t\t<\/div>\n\t\t\t\t\t\t\t\t<\/div>\n\t\t\t\t<\/div>\n\t\t\t\t<\/div>\n\t\t\t\t\t<\/div>\n\t\t<\/div>\n\t\t\t\t\t\t\t<\/div>\n\t\t<\/section>\n\t\t\t\t\t\t\t<\/div>\n\t\t","protected":false},"excerpt":{"rendered":"<p>Krebsvorsorge-Untersuchung Was gibt es im Allgemeinen zu sagen? Zugegeben, es gibt kaum eine andere Untersuchung, die so intim, so schambesetzt ist. Wir haben es schon mit der Muttermilch aufgesogen \u2013 der Frauenarztbesuch ist doof, peinlich, unangenehm\u2026.Aber: wenn Sie regelm\u00e4\u00dfig zum Frauenarzt gehen, sind Sie gut \u00fcberwacht. Au\u00dferdem k\u00f6nnen Sie&nbsp; beim Frauenarzt viele Dinge besprechen, die [&hellip;]<\/p>\n","protected":false},"author":1,"featured_media":0,"parent":0,"menu_order":0,"comment_status":"closed","ping_status":"closed","template":"","meta":{"footnotes":""},"class_list":["post-257","page","type-page","status-publish","hentry","wpbf-post"],"_links":{"self":[{"href":"https:\/\/www.gyn-guenther.de\/index.php?rest_route=\/wp\/v2\/pages\/257","targetHints":{"allow":["GET"]}}],"collection":[{"href":"https:\/\/www.gyn-guenther.de\/index.php?rest_route=\/wp\/v2\/pages"}],"about":[{"href":"https:\/\/www.gyn-guenther.de\/index.php?rest_route=\/wp\/v2\/types\/page"}],"author":[{"embeddable":true,"href":"https:\/\/www.gyn-guenther.de\/index.php?rest_route=\/wp\/v2\/users\/1"}],"replies":[{"embeddable":true,"href":"https:\/\/www.gyn-guenther.de\/index.php?rest_route=%2Fwp%2Fv2%2Fcomments&post=257"}],"version-history":[{"count":35,"href":"https:\/\/www.gyn-guenther.de\/index.php?rest_route=\/wp\/v2\/pages\/257\/revisions"}],"predecessor-version":[{"id":403,"href":"https:\/\/www.gyn-guenther.de\/index.php?rest_route=\/wp\/v2\/pages\/257\/revisions\/403"}],"wp:attachment":[{"href":"https:\/\/www.gyn-guenther.de\/index.php?rest_route=%2Fwp%2Fv2%2Fmedia&parent=257"}],"curies":[{"name":"wp","href":"https:\/\/api.w.org\/{rel}","templated":true}]}}