{"id":255,"date":"2022-08-15T13:10:45","date_gmt":"2022-08-15T11:10:45","guid":{"rendered":"http:\/\/localhost\/wordpress\/?page_id=255"},"modified":"2023-07-05T19:17:56","modified_gmt":"2023-07-05T17:17:56","slug":"255-2","status":"publish","type":"page","link":"https:\/\/www.gyn-guenther.de\/?page_id=255","title":{"rendered":"Inkontinenz"},"content":{"rendered":"\t\t<div data-elementor-type=\"wp-page\" data-elementor-id=\"255\" class=\"elementor elementor-255\">\n\t\t\t\t\t\t\t\t\t<section class=\"elementor-section elementor-top-section elementor-element elementor-element-6bd60a0 elementor-section-boxed elementor-section-height-default elementor-section-height-default\" data-id=\"6bd60a0\" data-element_type=\"section\">\n\t\t\t\t\t\t<div class=\"elementor-container elementor-column-gap-default\">\n\t\t\t\t\t<div class=\"elementor-column elementor-col-100 elementor-top-column elementor-element elementor-element-9bb08c9\" data-id=\"9bb08c9\" data-element_type=\"column\">\n\t\t\t<div class=\"elementor-widget-wrap elementor-element-populated\">\n\t\t\t\t\t\t\t\t<div class=\"elementor-element elementor-element-c49667f elementor-widget elementor-widget-heading\" data-id=\"c49667f\" data-element_type=\"widget\" data-widget_type=\"heading.default\">\n\t\t\t\t<div class=\"elementor-widget-container\">\n\t\t\t<style>\/*! elementor - v3.14.0 - 26-06-2023 *\/\n.elementor-heading-title{padding:0;margin:0;line-height:1}.elementor-widget-heading .elementor-heading-title[class*=elementor-size-]>a{color:inherit;font-size:inherit;line-height:inherit}.elementor-widget-heading .elementor-heading-title.elementor-size-small{font-size:15px}.elementor-widget-heading .elementor-heading-title.elementor-size-medium{font-size:19px}.elementor-widget-heading .elementor-heading-title.elementor-size-large{font-size:29px}.elementor-widget-heading .elementor-heading-title.elementor-size-xl{font-size:39px}.elementor-widget-heading .elementor-heading-title.elementor-size-xxl{font-size:59px}<\/style><h2 class=\"elementor-heading-title elementor-size-default\">Inkontinenz<\/h2>\t\t<\/div>\n\t\t\t\t<\/div>\n\t\t\t\t\t<\/div>\n\t\t<\/div>\n\t\t\t\t\t\t\t<\/div>\n\t\t<\/section>\n\t\t\t\t<section class=\"elementor-section elementor-top-section elementor-element elementor-element-414f4e2 elementor-section-boxed elementor-section-height-default elementor-section-height-default\" data-id=\"414f4e2\" data-element_type=\"section\">\n\t\t\t\t\t\t<div class=\"elementor-container elementor-column-gap-default\">\n\t\t\t\t\t<div class=\"elementor-column elementor-col-100 elementor-top-column elementor-element elementor-element-58c77ab\" data-id=\"58c77ab\" data-element_type=\"column\">\n\t\t\t<div class=\"elementor-widget-wrap elementor-element-populated\">\n\t\t\t\t\t\t\t\t<div class=\"elementor-element elementor-element-d622c5f elementor-widget elementor-widget-text-editor\" data-id=\"d622c5f\" data-element_type=\"widget\" data-widget_type=\"text-editor.default\">\n\t\t\t\t<div class=\"elementor-widget-container\">\n\t\t\t<style>\/*! elementor - v3.14.0 - 26-06-2023 *\/\n.elementor-widget-text-editor.elementor-drop-cap-view-stacked .elementor-drop-cap{background-color:#69727d;color:#fff}.elementor-widget-text-editor.elementor-drop-cap-view-framed .elementor-drop-cap{color:#69727d;border:3px solid;background-color:transparent}.elementor-widget-text-editor:not(.elementor-drop-cap-view-default) .elementor-drop-cap{margin-top:8px}.elementor-widget-text-editor:not(.elementor-drop-cap-view-default) .elementor-drop-cap-letter{width:1em;height:1em}.elementor-widget-text-editor .elementor-drop-cap{float:left;text-align:center;line-height:1;font-size:50px}.elementor-widget-text-editor .elementor-drop-cap-letter{display:inline-block}<\/style>\t\t\t\t<p>Urinverlust beim Lachen, Niesen, Husten, beim Treppensteigen, Anheben von schweren T\u00fcten, beim Geschlechtsverkehr oder im Schlaf?<\/p><p>Profi, wenn es um darum geht, Eink\u00e4ufe und Stadtbesuche nach \u00f6ffentlichen Toiletten zu planen? Weniger Reisen und Treffen mit Freundinnen im Caf\u00e9? Ausschlie\u00dflich schwarze Hosen, weil man Angst davor hat, doch nicht schnell genug zu sein?<\/p><p>Kommt Ihnen dies Alles sehr bekannt vor?<\/p><p>Harn- und Stuhlinkontinenz sind kein Tabu! Bitte sprechen Sie mich an, wenn ich vergessen sollte, Sie danach zu fragen.<\/p>\t\t\t\t\t\t<\/div>\n\t\t\t\t<\/div>\n\t\t\t\t\t<\/div>\n\t\t<\/div>\n\t\t\t\t\t\t\t<\/div>\n\t\t<\/section>\n\t\t\t\t\t\t\t<\/div>\n\t\t","protected":false},"excerpt":{"rendered":"<p>Inkontinenz Urinverlust beim Lachen, Niesen, Husten, beim Treppensteigen, Anheben von schweren T\u00fcten, beim Geschlechtsverkehr oder im Schlaf? Profi, wenn es um darum geht, Eink\u00e4ufe und Stadtbesuche nach \u00f6ffentlichen Toiletten zu planen? Weniger Reisen und Treffen mit Freundinnen im Caf\u00e9? Ausschlie\u00dflich schwarze Hosen, weil man Angst davor hat, doch nicht schnell genug zu sein? Kommt Ihnen [&hellip;]<\/p>\n","protected":false},"author":1,"featured_media":0,"parent":0,"menu_order":0,"comment_status":"closed","ping_status":"closed","template":"","meta":{"footnotes":""},"class_list":["post-255","page","type-page","status-publish","hentry","wpbf-post"],"_links":{"self":[{"href":"https:\/\/www.gyn-guenther.de\/index.php?rest_route=\/wp\/v2\/pages\/255","targetHints":{"allow":["GET"]}}],"collection":[{"href":"https:\/\/www.gyn-guenther.de\/index.php?rest_route=\/wp\/v2\/pages"}],"about":[{"href":"https:\/\/www.gyn-guenther.de\/index.php?rest_route=\/wp\/v2\/types\/page"}],"author":[{"embeddable":true,"href":"https:\/\/www.gyn-guenther.de\/index.php?rest_route=\/wp\/v2\/users\/1"}],"replies":[{"embeddable":true,"href":"https:\/\/www.gyn-guenther.de\/index.php?rest_route=%2Fwp%2Fv2%2Fcomments&post=255"}],"version-history":[{"count":14,"href":"https:\/\/www.gyn-guenther.de\/index.php?rest_route=\/wp\/v2\/pages\/255\/revisions"}],"predecessor-version":[{"id":406,"href":"https:\/\/www.gyn-guenther.de\/index.php?rest_route=\/wp\/v2\/pages\/255\/revisions\/406"}],"wp:attachment":[{"href":"https:\/\/www.gyn-guenther.de\/index.php?rest_route=%2Fwp%2Fv2%2Fmedia&parent=255"}],"curies":[{"name":"wp","href":"https:\/\/api.w.org\/{rel}","templated":true}]}}