{"id":253,"date":"2022-08-15T13:10:29","date_gmt":"2022-08-15T11:10:29","guid":{"rendered":"http:\/\/localhost\/wordpress\/?page_id=253"},"modified":"2023-07-05T18:58:17","modified_gmt":"2023-07-05T16:58:17","slug":"253-2","status":"publish","type":"page","link":"https:\/\/www.gyn-guenther.de\/?page_id=253","title":{"rendered":"Schwangerschaft"},"content":{"rendered":"\t\t<div data-elementor-type=\"wp-page\" data-elementor-id=\"253\" class=\"elementor elementor-253\">\n\t\t\t\t\t\t\t\t\t<section class=\"elementor-section elementor-top-section elementor-element elementor-element-9fda245 elementor-section-boxed elementor-section-height-default elementor-section-height-default\" data-id=\"9fda245\" data-element_type=\"section\">\n\t\t\t\t\t\t<div class=\"elementor-container elementor-column-gap-default\">\n\t\t\t\t\t<div class=\"elementor-column elementor-col-100 elementor-top-column elementor-element elementor-element-c60be30\" data-id=\"c60be30\" data-element_type=\"column\">\n\t\t\t<div class=\"elementor-widget-wrap elementor-element-populated\">\n\t\t\t\t\t\t\t\t<div class=\"elementor-element elementor-element-fd512ef elementor-widget elementor-widget-heading\" data-id=\"fd512ef\" data-element_type=\"widget\" data-widget_type=\"heading.default\">\n\t\t\t\t<div class=\"elementor-widget-container\">\n\t\t\t<style>\/*! elementor - v3.14.0 - 26-06-2023 *\/\n.elementor-heading-title{padding:0;margin:0;line-height:1}.elementor-widget-heading .elementor-heading-title[class*=elementor-size-]>a{color:inherit;font-size:inherit;line-height:inherit}.elementor-widget-heading .elementor-heading-title.elementor-size-small{font-size:15px}.elementor-widget-heading .elementor-heading-title.elementor-size-medium{font-size:19px}.elementor-widget-heading .elementor-heading-title.elementor-size-large{font-size:29px}.elementor-widget-heading .elementor-heading-title.elementor-size-xl{font-size:39px}.elementor-widget-heading .elementor-heading-title.elementor-size-xxl{font-size:59px}<\/style><h2 class=\"elementor-heading-title elementor-size-default\">Schwangerschaft<\/h2>\t\t<\/div>\n\t\t\t\t<\/div>\n\t\t\t\t\t<\/div>\n\t\t<\/div>\n\t\t\t\t\t\t\t<\/div>\n\t\t<\/section>\n\t\t\t\t<section class=\"elementor-section elementor-top-section elementor-element elementor-element-d84f9c7 elementor-section-boxed elementor-section-height-default elementor-section-height-default\" data-id=\"d84f9c7\" data-element_type=\"section\">\n\t\t\t\t\t\t<div class=\"elementor-container elementor-column-gap-default\">\n\t\t\t\t\t<div class=\"elementor-column elementor-col-100 elementor-top-column elementor-element elementor-element-525b030\" data-id=\"525b030\" data-element_type=\"column\">\n\t\t\t<div class=\"elementor-widget-wrap elementor-element-populated\">\n\t\t\t\t\t\t\t\t<div class=\"elementor-element elementor-element-4d07a76 elementor-widget elementor-widget-image\" data-id=\"4d07a76\" data-element_type=\"widget\" data-widget_type=\"image.default\">\n\t\t\t\t<div class=\"elementor-widget-container\">\n\t\t\t<style>\/*! elementor - v3.14.0 - 26-06-2023 *\/\n.elementor-widget-image{text-align:center}.elementor-widget-image a{display:inline-block}.elementor-widget-image a img[src$=\".svg\"]{width:48px}.elementor-widget-image img{vertical-align:middle;display:inline-block}<\/style>\t\t\t\t\t\t\t\t\t\t\t\t<img loading=\"lazy\" decoding=\"async\" width=\"662\" height=\"377\" src=\"https:\/\/www.gyn-guenther.de\/wp-content\/uploads\/2022\/08\/Schwangerschaft_3-removebg-preview1.png\" class=\"attachment-large size-large wp-image-272\" alt=\"\" srcset=\"https:\/\/www.gyn-guenther.de\/wp-content\/uploads\/2022\/08\/Schwangerschaft_3-removebg-preview1.png 662w, https:\/\/www.gyn-guenther.de\/wp-content\/uploads\/2022\/08\/Schwangerschaft_3-removebg-preview1-300x171.png 300w\" sizes=\"auto, (max-width: 662px) 100vw, 662px\" \/>\t\t\t\t\t\t\t\t\t\t\t\t\t\t\t<\/div>\n\t\t\t\t<\/div>\n\t\t\t\t\t<\/div>\n\t\t<\/div>\n\t\t\t\t\t\t\t<\/div>\n\t\t<\/section>\n\t\t\t\t<section class=\"elementor-section elementor-top-section elementor-element elementor-element-4298830 elementor-section-boxed elementor-section-height-default elementor-section-height-default\" data-id=\"4298830\" data-element_type=\"section\">\n\t\t\t\t\t\t<div class=\"elementor-container elementor-column-gap-default\">\n\t\t\t\t\t<div class=\"elementor-column elementor-col-100 elementor-top-column elementor-element elementor-element-c2705e9\" data-id=\"c2705e9\" data-element_type=\"column\">\n\t\t\t<div class=\"elementor-widget-wrap elementor-element-populated\">\n\t\t\t\t\t\t\t\t<div class=\"elementor-element elementor-element-c627502 elementor-widget elementor-widget-text-editor\" data-id=\"c627502\" data-element_type=\"widget\" data-widget_type=\"text-editor.default\">\n\t\t\t\t<div class=\"elementor-widget-container\">\n\t\t\t<style>\/*! elementor - v3.14.0 - 26-06-2023 *\/\n.elementor-widget-text-editor.elementor-drop-cap-view-stacked .elementor-drop-cap{background-color:#69727d;color:#fff}.elementor-widget-text-editor.elementor-drop-cap-view-framed .elementor-drop-cap{color:#69727d;border:3px solid;background-color:transparent}.elementor-widget-text-editor:not(.elementor-drop-cap-view-default) .elementor-drop-cap{margin-top:8px}.elementor-widget-text-editor:not(.elementor-drop-cap-view-default) .elementor-drop-cap-letter{width:1em;height:1em}.elementor-widget-text-editor .elementor-drop-cap{float:left;text-align:center;line-height:1;font-size:50px}.elementor-widget-text-editor .elementor-drop-cap-letter{display:inline-block}<\/style>\t\t\t\t<p>Sie sind schwanger. Nun beginnt eine spannende und\u00a0 aufregende Zeit, durch die ich Sie gern gut und sicher begleiten m\u00f6chte.<\/p><p>Kommen Sie ohne Termin in die Praxis, wir nehmen Ihnen erst einmal Blut ab. Anhand des Schwangerschaftshormons kann ich absch\u00e4tzen, wann ich etwas sehen kann und wir k\u00f6nnen einen Termin f\u00fcr den ersten Ultraschall vereinbaren.<\/p><p>Alles Weitere besprechen wir ganz individuell.<\/p><p>Scheuen Sie sich nicht, Ihre Fragen aufzuschreiben, damit Sie, in aller Aufregung, nichts vergessen.<\/p><p>Bitte \u00fcberlegen Sie schon einmal, wann der erste Tag der letzten Regel war, bringen Sie gegebenenfalls Ihre Medikamentenliste und\u00a0 Ihren Impfausweis mit.<\/p>\t\t\t\t\t\t<\/div>\n\t\t\t\t<\/div>\n\t\t\t\t\t<\/div>\n\t\t<\/div>\n\t\t\t\t\t\t\t<\/div>\n\t\t<\/section>\n\t\t\t\t\t\t\t<\/div>\n\t\t","protected":false},"excerpt":{"rendered":"<p>Schwangerschaft Sie sind schwanger. Nun beginnt eine spannende und\u00a0 aufregende Zeit, durch die ich Sie gern gut und sicher begleiten m\u00f6chte. Kommen Sie ohne Termin in die Praxis, wir nehmen Ihnen erst einmal Blut ab. Anhand des Schwangerschaftshormons kann ich absch\u00e4tzen, wann ich etwas sehen kann und wir k\u00f6nnen einen Termin f\u00fcr den ersten Ultraschall [&hellip;]<\/p>\n","protected":false},"author":1,"featured_media":0,"parent":0,"menu_order":0,"comment_status":"closed","ping_status":"closed","template":"","meta":{"footnotes":""},"class_list":["post-253","page","type-page","status-publish","hentry","wpbf-post"],"_links":{"self":[{"href":"https:\/\/www.gyn-guenther.de\/index.php?rest_route=\/wp\/v2\/pages\/253","targetHints":{"allow":["GET"]}}],"collection":[{"href":"https:\/\/www.gyn-guenther.de\/index.php?rest_route=\/wp\/v2\/pages"}],"about":[{"href":"https:\/\/www.gyn-guenther.de\/index.php?rest_route=\/wp\/v2\/types\/page"}],"author":[{"embeddable":true,"href":"https:\/\/www.gyn-guenther.de\/index.php?rest_route=\/wp\/v2\/users\/1"}],"replies":[{"embeddable":true,"href":"https:\/\/www.gyn-guenther.de\/index.php?rest_route=%2Fwp%2Fv2%2Fcomments&post=253"}],"version-history":[{"count":14,"href":"https:\/\/www.gyn-guenther.de\/index.php?rest_route=\/wp\/v2\/pages\/253\/revisions"}],"predecessor-version":[{"id":399,"href":"https:\/\/www.gyn-guenther.de\/index.php?rest_route=\/wp\/v2\/pages\/253\/revisions\/399"}],"wp:attachment":[{"href":"https:\/\/www.gyn-guenther.de\/index.php?rest_route=%2Fwp%2Fv2%2Fmedia&parent=253"}],"curies":[{"name":"wp","href":"https:\/\/api.w.org\/{rel}","templated":true}]}}