{"id":193,"date":"2022-08-14T17:35:14","date_gmt":"2022-08-14T15:35:14","guid":{"rendered":"http:\/\/localhost\/wordpress\/?page_id=193"},"modified":"2023-07-05T19:20:38","modified_gmt":"2023-07-05T17:20:38","slug":"elementor-193","status":"publish","type":"page","link":"https:\/\/www.gyn-guenther.de\/?page_id=193","title":{"rendered":"Team"},"content":{"rendered":"\t\t<div data-elementor-type=\"wp-page\" data-elementor-id=\"193\" class=\"elementor elementor-193\">\n\t\t\t\t\t\t\t\t\t<section class=\"elementor-section elementor-top-section elementor-element elementor-element-b7fdc29 elementor-section-boxed elementor-section-height-default elementor-section-height-default\" data-id=\"b7fdc29\" data-element_type=\"section\">\n\t\t\t\t\t\t<div class=\"elementor-container elementor-column-gap-default\">\n\t\t\t\t\t<div class=\"elementor-column elementor-col-100 elementor-top-column elementor-element elementor-element-327adb4\" data-id=\"327adb4\" data-element_type=\"column\">\n\t\t\t<div class=\"elementor-widget-wrap elementor-element-populated\">\n\t\t\t\t\t\t\t\t<div class=\"elementor-element elementor-element-f190958 elementor-widget elementor-widget-heading\" data-id=\"f190958\" data-element_type=\"widget\" data-widget_type=\"heading.default\">\n\t\t\t\t<div class=\"elementor-widget-container\">\n\t\t\t<style>\/*! elementor - v3.14.0 - 26-06-2023 *\/\n.elementor-heading-title{padding:0;margin:0;line-height:1}.elementor-widget-heading .elementor-heading-title[class*=elementor-size-]>a{color:inherit;font-size:inherit;line-height:inherit}.elementor-widget-heading .elementor-heading-title.elementor-size-small{font-size:15px}.elementor-widget-heading .elementor-heading-title.elementor-size-medium{font-size:19px}.elementor-widget-heading .elementor-heading-title.elementor-size-large{font-size:29px}.elementor-widget-heading .elementor-heading-title.elementor-size-xl{font-size:39px}.elementor-widget-heading .elementor-heading-title.elementor-size-xxl{font-size:59px}<\/style><h2 class=\"elementor-heading-title elementor-size-default\">Unser Team<\/h2>\t\t<\/div>\n\t\t\t\t<\/div>\n\t\t\t\t\t<\/div>\n\t\t<\/div>\n\t\t\t\t\t\t\t<\/div>\n\t\t<\/section>\n\t\t\t\t<section class=\"elementor-section elementor-top-section elementor-element elementor-element-f158ada elementor-section-boxed elementor-section-height-default elementor-section-height-default\" data-id=\"f158ada\" data-element_type=\"section\">\n\t\t\t\t\t\t<div class=\"elementor-container elementor-column-gap-default\">\n\t\t\t\t\t<div class=\"elementor-column elementor-col-50 elementor-top-column elementor-element elementor-element-876ea35\" data-id=\"876ea35\" data-element_type=\"column\">\n\t\t\t<div class=\"elementor-widget-wrap elementor-element-populated\">\n\t\t\t\t\t\t\t\t<div class=\"elementor-element elementor-element-baf69d4 elementor-widget elementor-widget-image\" data-id=\"baf69d4\" data-element_type=\"widget\" data-widget_type=\"image.default\">\n\t\t\t\t<div class=\"elementor-widget-container\">\n\t\t\t<style>\/*! elementor - v3.14.0 - 26-06-2023 *\/\n.elementor-widget-image{text-align:center}.elementor-widget-image a{display:inline-block}.elementor-widget-image a img[src$=\".svg\"]{width:48px}.elementor-widget-image img{vertical-align:middle;display:inline-block}<\/style>\t\t\t\t\t\t\t\t\t\t\t\t<img loading=\"lazy\" decoding=\"async\" width=\"768\" height=\"512\" src=\"https:\/\/www.gyn-guenther.de\/wp-content\/uploads\/2022\/08\/DSC00226a-768x512.jpg\" class=\"attachment-medium_large size-medium_large wp-image-208\" alt=\"\" srcset=\"https:\/\/www.gyn-guenther.de\/wp-content\/uploads\/2022\/08\/DSC00226a-768x512.jpg 768w, https:\/\/www.gyn-guenther.de\/wp-content\/uploads\/2022\/08\/DSC00226a-300x200.jpg 300w, https:\/\/www.gyn-guenther.de\/wp-content\/uploads\/2022\/08\/DSC00226a-1024x683.jpg 1024w, https:\/\/www.gyn-guenther.de\/wp-content\/uploads\/2022\/08\/DSC00226a-1536x1024.jpg 1536w, https:\/\/www.gyn-guenther.de\/wp-content\/uploads\/2022\/08\/DSC00226a-2048x1365.jpg 2048w\" sizes=\"auto, (max-width: 768px) 100vw, 768px\" \/>\t\t\t\t\t\t\t\t\t\t\t\t\t\t\t<\/div>\n\t\t\t\t<\/div>\n\t\t\t\t\t<\/div>\n\t\t<\/div>\n\t\t\t\t<div class=\"elementor-column elementor-col-50 elementor-top-column elementor-element elementor-element-66f5a60\" data-id=\"66f5a60\" data-element_type=\"column\">\n\t\t\t<div class=\"elementor-widget-wrap elementor-element-populated\">\n\t\t\t\t\t\t\t\t<div class=\"elementor-element elementor-element-5560cf7 elementor-widget elementor-widget-text-editor\" data-id=\"5560cf7\" data-element_type=\"widget\" data-widget_type=\"text-editor.default\">\n\t\t\t\t<div class=\"elementor-widget-container\">\n\t\t\t<style>\/*! elementor - v3.14.0 - 26-06-2023 *\/\n.elementor-widget-text-editor.elementor-drop-cap-view-stacked .elementor-drop-cap{background-color:#69727d;color:#fff}.elementor-widget-text-editor.elementor-drop-cap-view-framed .elementor-drop-cap{color:#69727d;border:3px solid;background-color:transparent}.elementor-widget-text-editor:not(.elementor-drop-cap-view-default) .elementor-drop-cap{margin-top:8px}.elementor-widget-text-editor:not(.elementor-drop-cap-view-default) .elementor-drop-cap-letter{width:1em;height:1em}.elementor-widget-text-editor .elementor-drop-cap{float:left;text-align:center;line-height:1;font-size:50px}.elementor-widget-text-editor .elementor-drop-cap-letter{display:inline-block}<\/style>\t\t\t\t<h1><span style=\"color: #7a7a7a;\"><strong>Saskia G\u00fcnther<br \/><\/strong><\/span><\/h1><p>Ich komme aus Th\u00fcringen und habe an der Humboldt-Universit\u00e4t zu Berlin\/ Charit\u00e9 Medizin studiert. Nach meiner Facharztausbildung am Vivantes Klinikum Kaulsdorf und sp\u00e4ter am Katholischen Krankenhaus in Erfurt hab ich mir einen gro\u00dfen Wunsch erf\u00fcllt und bin, gemeinsam mit meiner Familie, an die Ostsee gezogen. Ich bin verheiratet, habe eine Tochter und einen Sohn.<\/p>\t\t\t\t\t\t<\/div>\n\t\t\t\t<\/div>\n\t\t\t\t\t<\/div>\n\t\t<\/div>\n\t\t\t\t\t\t\t<\/div>\n\t\t<\/section>\n\t\t\t\t<section class=\"elementor-section elementor-top-section elementor-element elementor-element-91e89e7 elementor-section-boxed elementor-section-height-default elementor-section-height-default\" data-id=\"91e89e7\" data-element_type=\"section\">\n\t\t\t\t\t\t<div class=\"elementor-container elementor-column-gap-default\">\n\t\t\t\t\t<div class=\"elementor-column elementor-col-100 elementor-top-column elementor-element elementor-element-ae47a09\" data-id=\"ae47a09\" data-element_type=\"column\">\n\t\t\t<div class=\"elementor-widget-wrap elementor-element-populated\">\n\t\t\t\t\t\t\t\t<div class=\"elementor-element elementor-element-7835ce3 elementor-widget-divider--view-line elementor-widget elementor-widget-divider\" data-id=\"7835ce3\" data-element_type=\"widget\" data-widget_type=\"divider.default\">\n\t\t\t\t<div class=\"elementor-widget-container\">\n\t\t\t<style>\/*! elementor - v3.14.0 - 26-06-2023 *\/\n.elementor-widget-divider{--divider-border-style:none;--divider-border-width:1px;--divider-color:#0c0d0e;--divider-icon-size:20px;--divider-element-spacing:10px;--divider-pattern-height:24px;--divider-pattern-size:20px;--divider-pattern-url:none;--divider-pattern-repeat:repeat-x}.elementor-widget-divider .elementor-divider{display:flex}.elementor-widget-divider .elementor-divider__text{font-size:15px;line-height:1;max-width:95%}.elementor-widget-divider .elementor-divider__element{margin:0 var(--divider-element-spacing);flex-shrink:0}.elementor-widget-divider .elementor-icon{font-size:var(--divider-icon-size)}.elementor-widget-divider .elementor-divider-separator{display:flex;margin:0;direction:ltr}.elementor-widget-divider--view-line_icon .elementor-divider-separator,.elementor-widget-divider--view-line_text .elementor-divider-separator{align-items:center}.elementor-widget-divider--view-line_icon .elementor-divider-separator:after,.elementor-widget-divider--view-line_icon .elementor-divider-separator:before,.elementor-widget-divider--view-line_text .elementor-divider-separator:after,.elementor-widget-divider--view-line_text .elementor-divider-separator:before{display:block;content:\"\";border-bottom:0;flex-grow:1;border-top:var(--divider-border-width) var(--divider-border-style) var(--divider-color)}.elementor-widget-divider--element-align-left .elementor-divider .elementor-divider-separator>.elementor-divider__svg:first-of-type{flex-grow:0;flex-shrink:100}.elementor-widget-divider--element-align-left .elementor-divider-separator:before{content:none}.elementor-widget-divider--element-align-left .elementor-divider__element{margin-left:0}.elementor-widget-divider--element-align-right .elementor-divider .elementor-divider-separator>.elementor-divider__svg:last-of-type{flex-grow:0;flex-shrink:100}.elementor-widget-divider--element-align-right .elementor-divider-separator:after{content:none}.elementor-widget-divider--element-align-right .elementor-divider__element{margin-right:0}.elementor-widget-divider:not(.elementor-widget-divider--view-line_text):not(.elementor-widget-divider--view-line_icon) .elementor-divider-separator{border-top:var(--divider-border-width) var(--divider-border-style) var(--divider-color)}.elementor-widget-divider--separator-type-pattern{--divider-border-style:none}.elementor-widget-divider--separator-type-pattern.elementor-widget-divider--view-line .elementor-divider-separator,.elementor-widget-divider--separator-type-pattern:not(.elementor-widget-divider--view-line) .elementor-divider-separator:after,.elementor-widget-divider--separator-type-pattern:not(.elementor-widget-divider--view-line) .elementor-divider-separator:before,.elementor-widget-divider--separator-type-pattern:not([class*=elementor-widget-divider--view]) .elementor-divider-separator{width:100%;min-height:var(--divider-pattern-height);-webkit-mask-size:var(--divider-pattern-size) 100%;mask-size:var(--divider-pattern-size) 100%;-webkit-mask-repeat:var(--divider-pattern-repeat);mask-repeat:var(--divider-pattern-repeat);background-color:var(--divider-color);-webkit-mask-image:var(--divider-pattern-url);mask-image:var(--divider-pattern-url)}.elementor-widget-divider--no-spacing{--divider-pattern-size:auto}.elementor-widget-divider--bg-round{--divider-pattern-repeat:round}.rtl .elementor-widget-divider .elementor-divider__text{direction:rtl}.e-con-inner>.elementor-widget-divider,.e-con>.elementor-widget-divider{width:var(--container-widget-width,100%);--flex-grow:var(--container-widget-flex-grow)}<\/style>\t\t<div class=\"elementor-divider\">\n\t\t\t<span class=\"elementor-divider-separator\">\n\t\t\t\t\t\t<\/span>\n\t\t<\/div>\n\t\t\t\t<\/div>\n\t\t\t\t<\/div>\n\t\t\t\t\t<\/div>\n\t\t<\/div>\n\t\t\t\t\t\t\t<\/div>\n\t\t<\/section>\n\t\t\t\t<section class=\"elementor-section elementor-top-section elementor-element elementor-element-ec33133 elementor-section-boxed elementor-section-height-default elementor-section-height-default\" data-id=\"ec33133\" data-element_type=\"section\">\n\t\t\t\t\t\t<div class=\"elementor-container elementor-column-gap-default\">\n\t\t\t\t\t<div class=\"elementor-column elementor-col-50 elementor-top-column elementor-element elementor-element-b710859\" data-id=\"b710859\" data-element_type=\"column\">\n\t\t\t<div class=\"elementor-widget-wrap elementor-element-populated\">\n\t\t\t\t\t\t\t\t<div class=\"elementor-element elementor-element-cd6c1a6 elementor-widget elementor-widget-image\" data-id=\"cd6c1a6\" data-element_type=\"widget\" data-widget_type=\"image.default\">\n\t\t\t\t<div class=\"elementor-widget-container\">\n\t\t\t\t\t\t\t\t\t\t\t\t\t\t\t<img loading=\"lazy\" decoding=\"async\" width=\"768\" height=\"512\" src=\"https:\/\/www.gyn-guenther.de\/wp-content\/uploads\/2022\/08\/DSC00222a-768x512.jpg\" class=\"attachment-medium_large size-medium_large wp-image-202\" alt=\"\" srcset=\"https:\/\/www.gyn-guenther.de\/wp-content\/uploads\/2022\/08\/DSC00222a-768x512.jpg 768w, https:\/\/www.gyn-guenther.de\/wp-content\/uploads\/2022\/08\/DSC00222a-300x200.jpg 300w, https:\/\/www.gyn-guenther.de\/wp-content\/uploads\/2022\/08\/DSC00222a-1024x683.jpg 1024w, https:\/\/www.gyn-guenther.de\/wp-content\/uploads\/2022\/08\/DSC00222a-1536x1024.jpg 1536w, https:\/\/www.gyn-guenther.de\/wp-content\/uploads\/2022\/08\/DSC00222a-2048x1365.jpg 2048w\" sizes=\"auto, (max-width: 768px) 100vw, 768px\" \/>\t\t\t\t\t\t\t\t\t\t\t\t\t\t\t<\/div>\n\t\t\t\t<\/div>\n\t\t\t\t\t<\/div>\n\t\t<\/div>\n\t\t\t\t<div class=\"elementor-column elementor-col-50 elementor-top-column elementor-element elementor-element-bd6ba44\" data-id=\"bd6ba44\" data-element_type=\"column\">\n\t\t\t<div class=\"elementor-widget-wrap elementor-element-populated\">\n\t\t\t\t\t\t\t\t<div class=\"elementor-element elementor-element-212f526 elementor-widget elementor-widget-text-editor\" data-id=\"212f526\" data-element_type=\"widget\" data-widget_type=\"text-editor.default\">\n\t\t\t\t<div class=\"elementor-widget-container\">\n\t\t\t\t\t\t\t<h1><span style=\"color: #7a7a7a;\"><strong>Anika Bussian<\/strong><\/span><\/h1><p>Anika Bussian ist Arzthelferin und schon viele Jahre in der Praxis.<br \/>Sie wird Sie freundlich am Tresen empfangen. Bei ihr k\u00f6nnen Sie telefonisch Ihren n\u00e4chsten Termin vereinbaren sowie Rezepte und \u00dcberweisungen vorbestellen.<br \/>Bitte denken Sie an Ihre Krankenkassenkarte und gegebenenfalls Ihre \u00dcberweisung.<\/p>\t\t\t\t\t\t<\/div>\n\t\t\t\t<\/div>\n\t\t\t\t\t<\/div>\n\t\t<\/div>\n\t\t\t\t\t\t\t<\/div>\n\t\t<\/section>\n\t\t\t\t<section class=\"elementor-section elementor-top-section elementor-element elementor-element-cb37c9e elementor-section-boxed elementor-section-height-default elementor-section-height-default\" data-id=\"cb37c9e\" data-element_type=\"section\">\n\t\t\t\t\t\t<div class=\"elementor-container elementor-column-gap-default\">\n\t\t\t\t\t<div class=\"elementor-column elementor-col-100 elementor-top-column elementor-element elementor-element-75da1e0\" data-id=\"75da1e0\" data-element_type=\"column\">\n\t\t\t<div class=\"elementor-widget-wrap elementor-element-populated\">\n\t\t\t\t\t\t\t\t<div class=\"elementor-element elementor-element-1d8841a elementor-widget-divider--view-line elementor-widget elementor-widget-divider\" data-id=\"1d8841a\" data-element_type=\"widget\" data-widget_type=\"divider.default\">\n\t\t\t\t<div class=\"elementor-widget-container\">\n\t\t\t\t\t<div class=\"elementor-divider\">\n\t\t\t<span class=\"elementor-divider-separator\">\n\t\t\t\t\t\t<\/span>\n\t\t<\/div>\n\t\t\t\t<\/div>\n\t\t\t\t<\/div>\n\t\t\t\t\t<\/div>\n\t\t<\/div>\n\t\t\t\t\t\t\t<\/div>\n\t\t<\/section>\n\t\t\t\t<section class=\"elementor-section elementor-top-section elementor-element elementor-element-e0f5626 elementor-section-boxed elementor-section-height-default elementor-section-height-default\" data-id=\"e0f5626\" data-element_type=\"section\">\n\t\t\t\t\t\t<div class=\"elementor-container elementor-column-gap-default\">\n\t\t\t\t\t<div class=\"elementor-column elementor-col-50 elementor-top-column elementor-element elementor-element-06fa6ff\" data-id=\"06fa6ff\" data-element_type=\"column\">\n\t\t\t<div class=\"elementor-widget-wrap elementor-element-populated\">\n\t\t\t\t\t\t\t\t<div class=\"elementor-element elementor-element-f81ea5f elementor-widget elementor-widget-image\" data-id=\"f81ea5f\" data-element_type=\"widget\" data-widget_type=\"image.default\">\n\t\t\t\t<div class=\"elementor-widget-container\">\n\t\t\t\t\t\t\t\t\t\t\t\t\t\t\t<img loading=\"lazy\" decoding=\"async\" width=\"768\" height=\"512\" src=\"https:\/\/www.gyn-guenther.de\/wp-content\/uploads\/2022\/08\/DSC00240a-768x512.jpg\" class=\"attachment-medium_large size-medium_large wp-image-203\" alt=\"\" srcset=\"https:\/\/www.gyn-guenther.de\/wp-content\/uploads\/2022\/08\/DSC00240a-768x512.jpg 768w, https:\/\/www.gyn-guenther.de\/wp-content\/uploads\/2022\/08\/DSC00240a-300x200.jpg 300w, https:\/\/www.gyn-guenther.de\/wp-content\/uploads\/2022\/08\/DSC00240a-1024x683.jpg 1024w, https:\/\/www.gyn-guenther.de\/wp-content\/uploads\/2022\/08\/DSC00240a-1536x1024.jpg 1536w, https:\/\/www.gyn-guenther.de\/wp-content\/uploads\/2022\/08\/DSC00240a-2048x1365.jpg 2048w\" sizes=\"auto, (max-width: 768px) 100vw, 768px\" \/>\t\t\t\t\t\t\t\t\t\t\t\t\t\t\t<\/div>\n\t\t\t\t<\/div>\n\t\t\t\t\t<\/div>\n\t\t<\/div>\n\t\t\t\t<div class=\"elementor-column elementor-col-50 elementor-top-column elementor-element elementor-element-2434def\" data-id=\"2434def\" data-element_type=\"column\">\n\t\t\t<div class=\"elementor-widget-wrap elementor-element-populated\">\n\t\t\t\t\t\t\t\t<div class=\"elementor-element elementor-element-2f6167a elementor-widget elementor-widget-text-editor\" data-id=\"2f6167a\" data-element_type=\"widget\" data-widget_type=\"text-editor.default\">\n\t\t\t\t<div class=\"elementor-widget-container\">\n\t\t\t\t\t\t\t<h1><span style=\"color: #7a7a7a;\"><strong>Doreen T\u00f6lle<br \/><\/strong><\/span><\/h1><p>Seit einiger Zeit ist Doreen T\u00f6lle Teil unseres Teams. Sie ist gelernte Krankenschwester und wird mit Ihnen Termine ausmachen sowie Rezepte und \u00dcberweisungen f\u00fcr Sie vorbereiten.\u00a0<\/p>\t\t\t\t\t\t<\/div>\n\t\t\t\t<\/div>\n\t\t\t\t\t<\/div>\n\t\t<\/div>\n\t\t\t\t\t\t\t<\/div>\n\t\t<\/section>\n\t\t\t\t<section class=\"elementor-section elementor-top-section elementor-element elementor-element-06b9016 elementor-section-boxed elementor-section-height-default elementor-section-height-default\" data-id=\"06b9016\" data-element_type=\"section\">\n\t\t\t\t\t\t<div class=\"elementor-container elementor-column-gap-default\">\n\t\t\t\t\t<div class=\"elementor-column elementor-col-100 elementor-top-column elementor-element elementor-element-6836b54\" data-id=\"6836b54\" data-element_type=\"column\">\n\t\t\t<div class=\"elementor-widget-wrap elementor-element-populated\">\n\t\t\t\t\t\t\t\t<div class=\"elementor-element elementor-element-dd74098 elementor-widget-divider--view-line elementor-widget elementor-widget-divider\" data-id=\"dd74098\" data-element_type=\"widget\" data-widget_type=\"divider.default\">\n\t\t\t\t<div class=\"elementor-widget-container\">\n\t\t\t\t\t<div class=\"elementor-divider\">\n\t\t\t<span class=\"elementor-divider-separator\">\n\t\t\t\t\t\t<\/span>\n\t\t<\/div>\n\t\t\t\t<\/div>\n\t\t\t\t<\/div>\n\t\t\t\t\t<\/div>\n\t\t<\/div>\n\t\t\t\t\t\t\t<\/div>\n\t\t<\/section>\n\t\t\t\t<section class=\"elementor-section elementor-top-section elementor-element elementor-element-3cf0ef9 elementor-section-boxed elementor-section-height-default elementor-section-height-default\" data-id=\"3cf0ef9\" data-element_type=\"section\">\n\t\t\t\t\t\t<div class=\"elementor-container elementor-column-gap-default\">\n\t\t\t\t\t<div class=\"elementor-column elementor-col-50 elementor-top-column elementor-element elementor-element-1e00450\" data-id=\"1e00450\" data-element_type=\"column\">\n\t\t\t<div class=\"elementor-widget-wrap elementor-element-populated\">\n\t\t\t\t\t\t\t\t<div class=\"elementor-element elementor-element-d0a7319 elementor-widget elementor-widget-image\" data-id=\"d0a7319\" data-element_type=\"widget\" data-widget_type=\"image.default\">\n\t\t\t\t<div class=\"elementor-widget-container\">\n\t\t\t\t\t\t\t\t\t\t\t\t\t\t\t<img loading=\"lazy\" decoding=\"async\" width=\"768\" height=\"512\" src=\"https:\/\/www.gyn-guenther.de\/wp-content\/uploads\/2022\/08\/DSC00232-768x512.jpg\" class=\"attachment-medium_large size-medium_large wp-image-204\" alt=\"\" srcset=\"https:\/\/www.gyn-guenther.de\/wp-content\/uploads\/2022\/08\/DSC00232-768x512.jpg 768w, https:\/\/www.gyn-guenther.de\/wp-content\/uploads\/2022\/08\/DSC00232-300x200.jpg 300w, https:\/\/www.gyn-guenther.de\/wp-content\/uploads\/2022\/08\/DSC00232-1024x683.jpg 1024w, https:\/\/www.gyn-guenther.de\/wp-content\/uploads\/2022\/08\/DSC00232-1536x1024.jpg 1536w, https:\/\/www.gyn-guenther.de\/wp-content\/uploads\/2022\/08\/DSC00232-2048x1365.jpg 2048w\" sizes=\"auto, (max-width: 768px) 100vw, 768px\" \/>\t\t\t\t\t\t\t\t\t\t\t\t\t\t\t<\/div>\n\t\t\t\t<\/div>\n\t\t\t\t\t<\/div>\n\t\t<\/div>\n\t\t\t\t<div class=\"elementor-column elementor-col-50 elementor-top-column elementor-element elementor-element-3334296\" data-id=\"3334296\" data-element_type=\"column\">\n\t\t\t<div class=\"elementor-widget-wrap elementor-element-populated\">\n\t\t\t\t\t\t\t\t<div class=\"elementor-element elementor-element-2fe3f8a elementor-widget elementor-widget-text-editor\" data-id=\"2fe3f8a\" data-element_type=\"widget\" data-widget_type=\"text-editor.default\">\n\t\t\t\t<div class=\"elementor-widget-container\">\n\t\t\t\t\t\t\t<h1><span style=\"color: #7a7a7a;\"><strong>Jana Sommer<br \/><\/strong><\/span><\/h1><p>Jana Sommer ist gelernte Krankenschwester und beinahe seit dem ersten Tag mit in der Praxis. Sie wird bei Ihnen die Anamnese erheben z.B.:<br \/>&#8211; Weshalb Sie gekommen sind <br \/>&#8211; Ob Sie schon einmal operiert wurden (wann, was?)<br \/>&#8211; Ob Erkrankungen vorliegen <br \/>&#8211; Wann die letzte Regel war <br \/>&#8211; Wann die letzte Mammographie, Darmspiegelung war.<br \/><br \/>Bitte bringen Sie Ihren Medikationsplan, ihren Impfausweis, vorliegende Befunde, Krankenhausbriefe etc. mit.<\/p>\t\t\t\t\t\t<\/div>\n\t\t\t\t<\/div>\n\t\t\t\t\t<\/div>\n\t\t<\/div>\n\t\t\t\t\t\t\t<\/div>\n\t\t<\/section>\n\t\t\t\t\t\t\t<\/div>\n\t\t","protected":false},"excerpt":{"rendered":"<p>Unser Team Saskia G\u00fcnther Ich komme aus Th\u00fcringen und habe an der Humboldt-Universit\u00e4t zu Berlin\/ Charit\u00e9 Medizin studiert. Nach meiner Facharztausbildung am Vivantes Klinikum Kaulsdorf und sp\u00e4ter am Katholischen Krankenhaus in Erfurt hab ich mir einen gro\u00dfen Wunsch erf\u00fcllt und bin, gemeinsam mit meiner Familie, an die Ostsee gezogen. Ich bin verheiratet, habe eine Tochter [&hellip;]<\/p>\n","protected":false},"author":1,"featured_media":0,"parent":0,"menu_order":0,"comment_status":"closed","ping_status":"closed","template":"","meta":{"footnotes":""},"class_list":["post-193","page","type-page","status-publish","hentry","wpbf-post"],"_links":{"self":[{"href":"https:\/\/www.gyn-guenther.de\/index.php?rest_route=\/wp\/v2\/pages\/193","targetHints":{"allow":["GET"]}}],"collection":[{"href":"https:\/\/www.gyn-guenther.de\/index.php?rest_route=\/wp\/v2\/pages"}],"about":[{"href":"https:\/\/www.gyn-guenther.de\/index.php?rest_route=\/wp\/v2\/types\/page"}],"author":[{"embeddable":true,"href":"https:\/\/www.gyn-guenther.de\/index.php?rest_route=\/wp\/v2\/users\/1"}],"replies":[{"embeddable":true,"href":"https:\/\/www.gyn-guenther.de\/index.php?rest_route=%2Fwp%2Fv2%2Fcomments&post=193"}],"version-history":[{"count":21,"href":"https:\/\/www.gyn-guenther.de\/index.php?rest_route=\/wp\/v2\/pages\/193\/revisions"}],"predecessor-version":[{"id":409,"href":"https:\/\/www.gyn-guenther.de\/index.php?rest_route=\/wp\/v2\/pages\/193\/revisions\/409"}],"wp:attachment":[{"href":"https:\/\/www.gyn-guenther.de\/index.php?rest_route=%2Fwp%2Fv2%2Fmedia&parent=193"}],"curies":[{"name":"wp","href":"https:\/\/api.w.org\/{rel}","templated":true}]}}